{"id":16,"date":"2021-02-10T16:09:04","date_gmt":"2021-02-10T19:09:04","guid":{"rendered":"http:\/\/trumanmag.com\/?page_id=16"},"modified":"2023-01-27T18:54:21","modified_gmt":"2023-01-27T21:54:21","slug":"inicio","status":"publish","type":"page","link":"https:\/\/trumanmag.com\/","title":{"rendered":"Inicio"},"content":{"rendered":"\t\t<div data-elementor-type=\"wp-page\" data-elementor-id=\"16\" class=\"elementor elementor-16\">\n\t\t\t\t\t\t\t\t\t<section class=\"elementor-section elementor-top-section elementor-element elementor-element-9d4a48a elementor-section-boxed elementor-section-height-default elementor-section-height-default\" data-id=\"9d4a48a\" data-element_type=\"section\">\n\t\t\t\t\t\t<div class=\"elementor-container elementor-column-gap-default\">\n\t\t\t\t\t<div class=\"elementor-column elementor-col-100 elementor-top-column elementor-element elementor-element-d4c861c\" data-id=\"d4c861c\" data-element_type=\"column\">\n\t\t\t<div class=\"elementor-widget-wrap\">\n\t\t\t\t\t\t\t\t\t<\/div>\n\t\t<\/div>\n\t\t\t\t\t\t\t<\/div>\n\t\t<\/section>\n\t\t\t\t<section class=\"elementor-section elementor-top-section elementor-element elementor-element-c29f7a9 elementor-section-boxed elementor-section-height-default elementor-section-height-default\" data-id=\"c29f7a9\" data-element_type=\"section\">\n\t\t\t\t\t\t<div class=\"elementor-container elementor-column-gap-default\">\n\t\t\t\t\t<div class=\"elementor-column elementor-col-100 elementor-top-column elementor-element elementor-element-46049da\" data-id=\"46049da\" data-element_type=\"column\">\n\t\t\t<div class=\"elementor-widget-wrap\">\n\t\t\t\t\t\t\t\t\t<\/div>\n\t\t<\/div>\n\t\t\t\t\t\t\t<\/div>\n\t\t<\/section>\n\t\t\t\t<section class=\"elementor-section elementor-top-section elementor-element elementor-element-1c1b544 elementor-section-boxed elementor-section-height-default elementor-section-height-default\" data-id=\"1c1b544\" data-element_type=\"section\">\n\t\t\t\t\t\t<div class=\"elementor-container elementor-column-gap-default\">\n\t\t\t\t\t<div class=\"elementor-column elementor-col-100 elementor-top-column elementor-element elementor-element-e840234\" data-id=\"e840234\" data-element_type=\"column\">\n\t\t\t<div class=\"elementor-widget-wrap elementor-element-populated\">\n\t\t\t\t\t\t\t\t<div class=\"elementor-element elementor-element-2cd5c6e elementor-grid-2 elementor-grid-tablet-2 elementor-grid-mobile-1 elementor-widget elementor-widget-elementor-blog-posts\" data-id=\"2cd5c6e\" data-element_type=\"widget\" data-settings=\"{&quot;columns&quot;:&quot;2&quot;,&quot;columns_tablet&quot;:&quot;2&quot;,&quot;columns_mobile&quot;:&quot;1&quot;}\" data-widget_type=\"elementor-blog-posts.default\">\n\t\t\t\t<div class=\"elementor-widget-container\">\n\t\t\t\t\t<div class=\"wpcap-grid\">\n\t\t\t\t\t\t<div class=\"wpcap-grid-container elementor-grid wpcap-grid-desktop-2 wpcap-grid-tablet-2 wpcap-grid-mobile-1\">\n\n\t\t\t\t\n        <article id=\"post-1343\" class=\"wpcap-post post-1343 post type-post status-publish format-standard has-post-thumbnail hentry category-cultura category-pensamiento\">\n         \n            <div class=\"post-grid-inner\">\n                \n                \t\t<h3 class=\"title\">\n\t\t\t<a href=\"https:\/\/trumanmag.com\/index.php\/2024\/03\/16\/5-ensenanzas-que-nos-deja-la-sociedad-de-la-nieve\/\">5 ense\u00f1anzas que nos deja La sociedad de la nieve<\/a>\n\t\t<\/h3>\n\t\t                \n                 \t\t\t<div class=\"post-grid-thumbnail\">\n\t\t\t\t<a href=\"https:\/\/trumanmag.com\/index.php\/2024\/03\/16\/5-ensenanzas-que-nos-deja-la-sociedad-de-la-nieve\/\">\n\t\t\t\t\t<a href=\"https:\/\/trumanmag.com\/index.php\/2024\/03\/16\/5-ensenanzas-que-nos-deja-la-sociedad-de-la-nieve\/\"><img loading=\"lazy\" decoding=\"async\" width=\"600\" height=\"400\" src=\"https:\/\/trumanmag.com\/wp-content\/uploads\/2024\/03\/4-1.png\" class=\"attachment-full size-full wp-post-image\" alt=\"\" srcset=\"https:\/\/trumanmag.com\/wp-content\/uploads\/2024\/03\/4-1.png 600w, https:\/\/trumanmag.com\/wp-content\/uploads\/2024\/03\/4-1-300x200.png 300w\" sizes=\"auto, (max-width: 600px) 100vw, 600px\" \/><\/a>\t\t\t\t<\/a>\n\t\t\t<\/div>\n        \n                <div class=\"post-grid-text-wrap\">\n                    \t\t<div class=\"post-grid-meta\">\n\t\t\t\n\t\t\t\t<span class=\"post-author\">Facundo Rolandi<\/span>\n\n\t\t\t\t<span class=\"post-categories\"><a href=\"https:\/\/trumanmag.com\/index.php\/category\/cultura\/\" rel=\"category tag\">Cultura<\/a>, <a href=\"https:\/\/trumanmag.com\/index.php\/category\/pensamiento\/\" rel=\"category tag\">Pensamiento<\/a><\/span>\t\t<\/div>\n\t\t                    \t\t<div class=\"post-grid-excerpt\">\n\t\t\t<p>Jorge Luis Borges ha escrito, retomando a George Berkeley, que la manzana no tendr\u00eda sabor si no existieran los paladares. Esta poderosa idea nos invita a reflexionar sobre la relaci\u00f3n entre la&hellip;<\/p>\n\t\t<\/div>\n\t\t                    \t\t<a class=\"read-more-btn\" href=\"https:\/\/trumanmag.com\/index.php\/2024\/03\/16\/5-ensenanzas-que-nos-deja-la-sociedad-de-la-nieve\/\">Seguir leyendo \u00bb<\/a>\n\t\t                <\/div>\n\n            <\/div><!-- .blog-inner -->\n           \n        <\/article>\n\n        \n        <article id=\"post-1258\" class=\"wpcap-post post-1258 post type-post status-publish format-standard has-post-thumbnail hentry category-cultura\">\n         \n            <div class=\"post-grid-inner\">\n                \n                \t\t<h3 class=\"title\">\n\t\t\t<a href=\"https:\/\/trumanmag.com\/index.php\/2023\/10\/30\/luis-sagasti-la-gente-que-trabaja-con-la-cabeza-tiene-un-deber-civico\/\">Luis Sagasti: &#8220;La gente que trabaja con la cabeza tiene un deber c\u00edvico&#8221;<\/a>\n\t\t<\/h3>\n\t\t                \n                 \t\t\t<div class=\"post-grid-thumbnail\">\n\t\t\t\t<a href=\"https:\/\/trumanmag.com\/index.php\/2023\/10\/30\/luis-sagasti-la-gente-que-trabaja-con-la-cabeza-tiene-un-deber-civico\/\">\n\t\t\t\t\t<a href=\"https:\/\/trumanmag.com\/index.php\/2023\/10\/30\/luis-sagasti-la-gente-que-trabaja-con-la-cabeza-tiene-un-deber-civico\/\"><img loading=\"lazy\" decoding=\"async\" width=\"1500\" height=\"1000\" src=\"https:\/\/trumanmag.com\/wp-content\/uploads\/2023\/08\/luis-sagasti.jpg\" class=\"attachment-full size-full wp-post-image\" alt=\"\" srcset=\"https:\/\/trumanmag.com\/wp-content\/uploads\/2023\/08\/luis-sagasti.jpg 1500w, https:\/\/trumanmag.com\/wp-content\/uploads\/2023\/08\/luis-sagasti-300x200.jpg 300w, https:\/\/trumanmag.com\/wp-content\/uploads\/2023\/08\/luis-sagasti-1024x683.jpg 1024w, https:\/\/trumanmag.com\/wp-content\/uploads\/2023\/08\/luis-sagasti-768x512.jpg 768w, https:\/\/trumanmag.com\/wp-content\/uploads\/2023\/08\/luis-sagasti-1200x800.jpg 1200w\" sizes=\"auto, (max-width: 1500px) 100vw, 1500px\" \/><\/a>\t\t\t\t<\/a>\n\t\t\t<\/div>\n        \n                <div class=\"post-grid-text-wrap\">\n                    \t\t<div class=\"post-grid-meta\">\n\t\t\t\n\t\t\t\t<span class=\"post-author\">El\u00edas Fern\u00e1ndez Casella<\/span>\n\n\t\t\t\t<span class=\"post-categories\"><a href=\"https:\/\/trumanmag.com\/index.php\/category\/cultura\/\" rel=\"category tag\">Cultura<\/a><\/span>\t\t<\/div>\n\t\t                    \t\t<div class=\"post-grid-excerpt\">\n\t\t\t<p>Luis Sagasti es docente, cr\u00edtico de arte, escritor, y disfruta much\u00edsimo de la m\u00fasica. Naci\u00f3 en Bah\u00eda Blanca en 1963, estudi\u00f3 Historia en la Universidad Nacional del Sur, y ejerci\u00f3 una relaci\u00f3n&hellip;<\/p>\n\t\t<\/div>\n\t\t                    \t\t<a class=\"read-more-btn\" href=\"https:\/\/trumanmag.com\/index.php\/2023\/10\/30\/luis-sagasti-la-gente-que-trabaja-con-la-cabeza-tiene-un-deber-civico\/\">Seguir leyendo \u00bb<\/a>\n\t\t                <\/div>\n\n            <\/div><!-- .blog-inner -->\n           \n        <\/article>\n\n        \n        <article id=\"post-1243\" class=\"wpcap-post post-1243 post type-post status-publish format-standard has-post-thumbnail hentry category-pensamiento\">\n         \n            <div class=\"post-grid-inner\">\n                \n                \t\t<h3 class=\"title\">\n\t\t\t<a href=\"https:\/\/trumanmag.com\/index.php\/2023\/10\/27\/la-posicion-feminista\/\">La posici\u00f3n feminista<\/a>\n\t\t<\/h3>\n\t\t                \n                 \t\t\t<div class=\"post-grid-thumbnail\">\n\t\t\t\t<a href=\"https:\/\/trumanmag.com\/index.php\/2023\/10\/27\/la-posicion-feminista\/\">\n\t\t\t\t\t<a href=\"https:\/\/trumanmag.com\/index.php\/2023\/10\/27\/la-posicion-feminista\/\"><img loading=\"lazy\" decoding=\"async\" width=\"600\" height=\"400\" src=\"https:\/\/trumanmag.com\/wp-content\/uploads\/2023\/08\/rrr.png\" class=\"attachment-full size-full wp-post-image\" alt=\"\" srcset=\"https:\/\/trumanmag.com\/wp-content\/uploads\/2023\/08\/rrr.png 600w, https:\/\/trumanmag.com\/wp-content\/uploads\/2023\/08\/rrr-300x200.png 300w\" sizes=\"auto, (max-width: 600px) 100vw, 600px\" \/><\/a>\t\t\t\t<\/a>\n\t\t\t<\/div>\n        \n                <div class=\"post-grid-text-wrap\">\n                    \t\t<div class=\"post-grid-meta\">\n\t\t\t\n\t\t\t\t<span class=\"post-author\">Leticia Martin<\/span>\n\n\t\t\t\t<span class=\"post-categories\"><a href=\"https:\/\/trumanmag.com\/index.php\/category\/pensamiento\/\" rel=\"category tag\">Pensamiento<\/a><\/span>\t\t<\/div>\n\t\t                    \t\t<div class=\"post-grid-excerpt\">\n\t\t\t<p>Una vez estuve a punto de participar del Encuentro Nacional de Mujeres. Ese a\u00f1o se hac\u00eda en Mar del Plata. Yo acababa de ser madre y sent\u00ed la necesidad de alg\u00fan tipo&hellip;<\/p>\n\t\t<\/div>\n\t\t                    \t\t<a class=\"read-more-btn\" href=\"https:\/\/trumanmag.com\/index.php\/2023\/10\/27\/la-posicion-feminista\/\">Seguir leyendo \u00bb<\/a>\n\t\t                <\/div>\n\n            <\/div><!-- .blog-inner -->\n           \n        <\/article>\n\n        \n        <article id=\"post-1317\" class=\"wpcap-post post-1317 post type-post status-publish format-standard has-post-thumbnail hentry category-cultura\">\n         \n            <div class=\"post-grid-inner\">\n                \n                \t\t<h3 class=\"title\">\n\t\t\t<a href=\"https:\/\/trumanmag.com\/index.php\/2023\/10\/03\/caparazon\/\">Caparaz\u00f3n<\/a>\n\t\t<\/h3>\n\t\t                \n                 \t\t\t<div class=\"post-grid-thumbnail\">\n\t\t\t\t<a href=\"https:\/\/trumanmag.com\/index.php\/2023\/10\/03\/caparazon\/\">\n\t\t\t\t\t<a href=\"https:\/\/trumanmag.com\/index.php\/2023\/10\/03\/caparazon\/\"><img loading=\"lazy\" decoding=\"async\" width=\"600\" height=\"400\" src=\"https:\/\/trumanmag.com\/wp-content\/uploads\/2023\/10\/digital_art_artwork_surreal_animals_sea_turtle_hot_air_balloons_women-1392573.png\" class=\"attachment-full size-full wp-post-image\" alt=\"\" srcset=\"https:\/\/trumanmag.com\/wp-content\/uploads\/2023\/10\/digital_art_artwork_surreal_animals_sea_turtle_hot_air_balloons_women-1392573.png 600w, https:\/\/trumanmag.com\/wp-content\/uploads\/2023\/10\/digital_art_artwork_surreal_animals_sea_turtle_hot_air_balloons_women-1392573-300x200.png 300w\" sizes=\"auto, (max-width: 600px) 100vw, 600px\" \/><\/a>\t\t\t\t<\/a>\n\t\t\t<\/div>\n        \n                <div class=\"post-grid-text-wrap\">\n                    \t\t<div class=\"post-grid-meta\">\n\t\t\t\n\t\t\t\t<span class=\"post-author\">Francisco Cascallares<\/span>\n\n\t\t\t\t<span class=\"post-categories\"><a href=\"https:\/\/trumanmag.com\/index.php\/category\/cultura\/\" rel=\"category tag\">Cultura<\/a><\/span>\t\t<\/div>\n\t\t                    \t\t<div class=\"post-grid-excerpt\">\n\t\t\t<p>Una tarde en su casa, mi viejo empieza a contarme sobre la vez que encontramos unas tortugas a ochenta o cien kil\u00f3metros del \u00faltimo balneario que exist\u00eda. \u00cdbamos \u00e9l, mam\u00e1 y yo,&hellip;<\/p>\n\t\t<\/div>\n\t\t                    \t\t<a class=\"read-more-btn\" href=\"https:\/\/trumanmag.com\/index.php\/2023\/10\/03\/caparazon\/\">Seguir leyendo \u00bb<\/a>\n\t\t                <\/div>\n\n            <\/div><!-- .blog-inner -->\n           \n        <\/article>\n\n        \n        <article id=\"post-1222\" class=\"wpcap-post post-1222 post type-post status-publish format-standard has-post-thumbnail hentry category-cultura\">\n         \n            <div class=\"post-grid-inner\">\n                \n                \t\t<h3 class=\"title\">\n\t\t\t<a href=\"https:\/\/trumanmag.com\/index.php\/2023\/10\/02\/crisis-del-libro-pasion-lectora-y-la-conquista-de-lo-inutil\/\">\u00bfCrisis del libro? Pasi\u00f3n lectora y la conquista de lo in\u00fatil<\/a>\n\t\t<\/h3>\n\t\t                \n                 \t\t\t<div class=\"post-grid-thumbnail\">\n\t\t\t\t<a href=\"https:\/\/trumanmag.com\/index.php\/2023\/10\/02\/crisis-del-libro-pasion-lectora-y-la-conquista-de-lo-inutil\/\">\n\t\t\t\t\t<a href=\"https:\/\/trumanmag.com\/index.php\/2023\/10\/02\/crisis-del-libro-pasion-lectora-y-la-conquista-de-lo-inutil\/\"><img loading=\"lazy\" decoding=\"async\" width=\"600\" height=\"400\" src=\"https:\/\/trumanmag.com\/wp-content\/uploads\/2023\/08\/3FED33-Foto-Matias-Moyano-1.jpg\" class=\"attachment-full size-full wp-post-image\" alt=\"\" srcset=\"https:\/\/trumanmag.com\/wp-content\/uploads\/2023\/08\/3FED33-Foto-Matias-Moyano-1.jpg 600w, https:\/\/trumanmag.com\/wp-content\/uploads\/2023\/08\/3FED33-Foto-Matias-Moyano-1-300x200.jpg 300w\" sizes=\"auto, (max-width: 600px) 100vw, 600px\" \/><\/a>\t\t\t\t<\/a>\n\t\t\t<\/div>\n        \n                <div class=\"post-grid-text-wrap\">\n                    \t\t<div class=\"post-grid-meta\">\n\t\t\t\n\t\t\t\t<span class=\"post-author\">El\u00edas Fern\u00e1ndez Casella<\/span>\n\n\t\t\t\t<span class=\"post-categories\"><a href=\"https:\/\/trumanmag.com\/index.php\/category\/cultura\/\" rel=\"category tag\">Cultura<\/a><\/span>\t\t<\/div>\n\t\t                    \t\t<div class=\"post-grid-excerpt\">\n\t\t\t<p>Para cuando leas esta nota, toda estimaci\u00f3n que hayamos hecho del precio del d\u00f3lar va a estar vieja. Lo mismo les pasa a libreros, imprentas y editoriales. Desde 2017 que el precio&hellip;<\/p>\n\t\t<\/div>\n\t\t                    \t\t<a class=\"read-more-btn\" href=\"https:\/\/trumanmag.com\/index.php\/2023\/10\/02\/crisis-del-libro-pasion-lectora-y-la-conquista-de-lo-inutil\/\">Seguir leyendo \u00bb<\/a>\n\t\t                <\/div>\n\n            <\/div><!-- .blog-inner -->\n           \n        <\/article>\n\n        \n        <article id=\"post-1308\" class=\"wpcap-post post-1308 post type-post status-publish format-standard has-post-thumbnail hentry category-poesia\">\n         \n            <div class=\"post-grid-inner\">\n                \n                \t\t<h3 class=\"title\">\n\t\t\t<a href=\"https:\/\/trumanmag.com\/index.php\/2023\/09\/24\/cinco-poemas-de-manu-wainziger\/\">Cinco poemas de Manu Wainziger<\/a>\n\t\t<\/h3>\n\t\t                \n                 \t\t\t<div class=\"post-grid-thumbnail\">\n\t\t\t\t<a href=\"https:\/\/trumanmag.com\/index.php\/2023\/09\/24\/cinco-poemas-de-manu-wainziger\/\">\n\t\t\t\t\t<a href=\"https:\/\/trumanmag.com\/index.php\/2023\/09\/24\/cinco-poemas-de-manu-wainziger\/\"><img loading=\"lazy\" decoding=\"async\" width=\"600\" height=\"400\" src=\"https:\/\/trumanmag.com\/wp-content\/uploads\/2023\/09\/fhjfvkjhfkjgh.jpg\" class=\"attachment-full size-full wp-post-image\" alt=\"\" srcset=\"https:\/\/trumanmag.com\/wp-content\/uploads\/2023\/09\/fhjfvkjhfkjgh.jpg 600w, https:\/\/trumanmag.com\/wp-content\/uploads\/2023\/09\/fhjfvkjhfkjgh-300x200.jpg 300w\" sizes=\"auto, (max-width: 600px) 100vw, 600px\" \/><\/a>\t\t\t\t<\/a>\n\t\t\t<\/div>\n        \n                <div class=\"post-grid-text-wrap\">\n                    \t\t<div class=\"post-grid-meta\">\n\t\t\t\n\t\t\t\t<span class=\"post-author\">Manu Wainziger<\/span>\n\n\t\t\t\t<span class=\"post-categories\"><a href=\"https:\/\/trumanmag.com\/index.php\/category\/cultura\/poesia\/\" rel=\"category tag\">Poes\u00eda<\/a><\/span>\t\t<\/div>\n\t\t                    \t\t<div class=\"post-grid-excerpt\">\n\t\t\t<p>Los crotos Fuimos felices, s\u00ed, fuimos felices nadie puede creer algo contrario nos dicen mercenarios, sangre en manos creando cicatrices en piel muerta adolescentes con talones secos sobre calles vac\u00edas ellos brillan&hellip;<\/p>\n\t\t<\/div>\n\t\t                    \t\t<a class=\"read-more-btn\" href=\"https:\/\/trumanmag.com\/index.php\/2023\/09\/24\/cinco-poemas-de-manu-wainziger\/\">Seguir leyendo \u00bb<\/a>\n\t\t                <\/div>\n\n            <\/div><!-- .blog-inner -->\n           \n        <\/article>\n\n        \n        <article id=\"post-1250\" class=\"wpcap-post post-1250 post type-post status-publish format-standard has-post-thumbnail hentry category-ficcion\">\n         \n            <div class=\"post-grid-inner\">\n                \n                \t\t<h3 class=\"title\">\n\t\t\t<a href=\"https:\/\/trumanmag.com\/index.php\/2023\/08\/27\/zonas-blandas\/\">Zonas blandas<\/a>\n\t\t<\/h3>\n\t\t                \n                 \t\t\t<div class=\"post-grid-thumbnail\">\n\t\t\t\t<a href=\"https:\/\/trumanmag.com\/index.php\/2023\/08\/27\/zonas-blandas\/\">\n\t\t\t\t\t<a href=\"https:\/\/trumanmag.com\/index.php\/2023\/08\/27\/zonas-blandas\/\"><img loading=\"lazy\" decoding=\"async\" width=\"600\" height=\"400\" src=\"https:\/\/trumanmag.com\/wp-content\/uploads\/2023\/08\/ol-1.png\" class=\"attachment-full size-full wp-post-image\" alt=\"\" srcset=\"https:\/\/trumanmag.com\/wp-content\/uploads\/2023\/08\/ol-1.png 600w, https:\/\/trumanmag.com\/wp-content\/uploads\/2023\/08\/ol-1-300x200.png 300w\" sizes=\"auto, (max-width: 600px) 100vw, 600px\" \/><\/a>\t\t\t\t<\/a>\n\t\t\t<\/div>\n        \n                <div class=\"post-grid-text-wrap\">\n                    \t\t<div class=\"post-grid-meta\">\n\t\t\t\n\t\t\t\t<span class=\"post-author\">Nicol\u00e1s Ghigonetto<\/span>\n\n\t\t\t\t<span class=\"post-categories\"><a href=\"https:\/\/trumanmag.com\/index.php\/category\/cultura\/ficcion\/\" rel=\"category tag\">Ficci\u00f3n<\/a><\/span>\t\t<\/div>\n\t\t                    \t\t<div class=\"post-grid-excerpt\">\n\t\t\t<p>Este es mi cuento de ni\u00f1os. No un cuento para ni\u00f1os, simplemente un cuento de ni\u00f1os. Nos remontamos a cuando ten\u00eda nueve a\u00f1os. Mi mam\u00e1 quer\u00eda que realizara un deporte, que desarrolle&hellip;<\/p>\n\t\t<\/div>\n\t\t                    \t\t<a class=\"read-more-btn\" href=\"https:\/\/trumanmag.com\/index.php\/2023\/08\/27\/zonas-blandas\/\">Seguir leyendo \u00bb<\/a>\n\t\t                <\/div>\n\n            <\/div><!-- .blog-inner -->\n           \n        <\/article>\n\n        \n        <article id=\"post-1211\" class=\"wpcap-post post-1211 post type-post status-publish format-standard has-post-thumbnail hentry category-ficcion\">\n         \n            <div class=\"post-grid-inner\">\n                \n                \t\t<h3 class=\"title\">\n\t\t\t<a href=\"https:\/\/trumanmag.com\/index.php\/2023\/08\/19\/a-un-puente-de-distancia\/\">A un puente de distancia<\/a>\n\t\t<\/h3>\n\t\t                \n                 \t\t\t<div class=\"post-grid-thumbnail\">\n\t\t\t\t<a href=\"https:\/\/trumanmag.com\/index.php\/2023\/08\/19\/a-un-puente-de-distancia\/\">\n\t\t\t\t\t<a href=\"https:\/\/trumanmag.com\/index.php\/2023\/08\/19\/a-un-puente-de-distancia\/\"><img loading=\"lazy\" decoding=\"async\" width=\"600\" height=\"400\" src=\"https:\/\/trumanmag.com\/wp-content\/uploads\/2023\/08\/c02b814890f4c55028bb5471e4ddefc0-art-collages-collage-art.jpg\" class=\"attachment-full size-full wp-post-image\" alt=\"\" srcset=\"https:\/\/trumanmag.com\/wp-content\/uploads\/2023\/08\/c02b814890f4c55028bb5471e4ddefc0-art-collages-collage-art.jpg 600w, https:\/\/trumanmag.com\/wp-content\/uploads\/2023\/08\/c02b814890f4c55028bb5471e4ddefc0-art-collages-collage-art-300x200.jpg 300w\" sizes=\"auto, (max-width: 600px) 100vw, 600px\" \/><\/a>\t\t\t\t<\/a>\n\t\t\t<\/div>\n        \n                <div class=\"post-grid-text-wrap\">\n                    \t\t<div class=\"post-grid-meta\">\n\t\t\t\n\t\t\t\t<span class=\"post-author\">In\u00e9s Kreplak<\/span>\n\n\t\t\t\t<span class=\"post-categories\"><a href=\"https:\/\/trumanmag.com\/index.php\/category\/cultura\/ficcion\/\" rel=\"category tag\">Ficci\u00f3n<\/a><\/span>\t\t<\/div>\n\t\t                    \t\t<div class=\"post-grid-excerpt\">\n\t\t\t<p>Un llanto acongojado despierta a Pedro de un sue\u00f1o profundo. Todav\u00eda tiene en su retina la imagen v\u00edvida del caballo sobre el quir\u00f3fano con la carne de la pierna a la vista.&hellip;<\/p>\n\t\t<\/div>\n\t\t                    \t\t<a class=\"read-more-btn\" href=\"https:\/\/trumanmag.com\/index.php\/2023\/08\/19\/a-un-puente-de-distancia\/\">Seguir leyendo \u00bb<\/a>\n\t\t                <\/div>\n\n            <\/div><!-- .blog-inner -->\n           \n        <\/article>\n\n        \n\t\t\t<\/div>\n\t\t<\/div>\n\t\t\t\t<\/div>\n\t\t\t\t<\/div>\n\t\t\t\t\t<\/div>\n\t\t<\/div>\n\t\t\t\t\t\t\t<\/div>\n\t\t<\/section>\n\t\t\t\t<section class=\"elementor-section elementor-top-section elementor-element elementor-element-f1b41f2 elementor-section-boxed elementor-section-height-default elementor-section-height-default\" data-id=\"f1b41f2\" data-element_type=\"section\">\n\t\t\t\t\t\t\t<div class=\"elementor-background-overlay\"><\/div>\n\t\t\t\t\t\t\t<div class=\"elementor-container elementor-column-gap-default\">\n\t\t\t\t\t<div class=\"elementor-column elementor-col-66 elementor-top-column elementor-element elementor-element-5c51e69\" data-id=\"5c51e69\" data-element_type=\"column\">\n\t\t\t<div class=\"elementor-widget-wrap elementor-element-populated\">\n\t\t\t\t\t\t\t\t<div class=\"elementor-element elementor-element-71fe25f elementor-widget elementor-widget-heading\" data-id=\"71fe25f\" data-element_type=\"widget\" data-widget_type=\"heading.default\">\n\t\t\t\t<div class=\"elementor-widget-container\">\n\t\t\t<h2 class=\"elementor-heading-title elementor-size-default\">Escribinos<\/h2>\t\t<\/div>\n\t\t\t\t<\/div>\n\t\t\t\t<div class=\"elementor-element elementor-element-4dac6f5 elementor-widget elementor-widget-text-editor\" data-id=\"4dac6f5\" data-element_type=\"widget\" data-widget_type=\"text-editor.default\">\n\t\t\t\t<div class=\"elementor-widget-container\">\n\t\t\t\t\t\t\t<p>contacto@trumanmag.com<\/p>\t\t\t\t\t\t<\/div>\n\t\t\t\t<\/div>\n\t\t\t\t\t<\/div>\n\t\t<\/div>\n\t\t\t\t<div class=\"elementor-column elementor-col-33 elementor-top-column elementor-element elementor-element-ff39c0a\" data-id=\"ff39c0a\" data-element_type=\"column\">\n\t\t\t<div class=\"elementor-widget-wrap elementor-element-populated\">\n\t\t\t\t\t\t\t\t<div class=\"elementor-element elementor-element-405507c elementor-shape-rounded elementor-grid-0 e-grid-align-center elementor-widget elementor-widget-social-icons\" data-id=\"405507c\" data-element_type=\"widget\" data-widget_type=\"social-icons.default\">\n\t\t\t\t<div class=\"elementor-widget-container\">\n\t\t\t\t\t<div class=\"elementor-social-icons-wrapper elementor-grid\">\n\t\t\t\t\t\t\t<span class=\"elementor-grid-item\">\n\t\t\t\t\t<a class=\"elementor-icon elementor-social-icon elementor-social-icon-facebook elementor-repeater-item-d50ed6d\" target=\"_blank\">\n\t\t\t\t\t\t<span class=\"elementor-screen-only\">Facebook<\/span>\n\t\t\t\t\t\t<i class=\"fab fa-facebook\"><\/i>\t\t\t\t\t<\/a>\n\t\t\t\t<\/span>\n\t\t\t\t\t\t\t<span class=\"elementor-grid-item\">\n\t\t\t\t\t<a class=\"elementor-icon elementor-social-icon elementor-social-icon-twitter elementor-repeater-item-48d2ddb\" href=\"https:\/\/twitter.com\/trumanrevista\" target=\"_blank\">\n\t\t\t\t\t\t<span class=\"elementor-screen-only\">Twitter<\/span>\n\t\t\t\t\t\t<i class=\"fab fa-twitter\"><\/i>\t\t\t\t\t<\/a>\n\t\t\t\t<\/span>\n\t\t\t\t\t\t\t<span class=\"elementor-grid-item\">\n\t\t\t\t\t<a class=\"elementor-icon elementor-social-icon elementor-social-icon-instagram elementor-repeater-item-b9d60e4\" href=\"https:\/\/www.instagram.com\/trumanrevista\/\" target=\"_blank\">\n\t\t\t\t\t\t<span class=\"elementor-screen-only\">Instagram<\/span>\n\t\t\t\t\t\t<i class=\"fab fa-instagram\"><\/i>\t\t\t\t\t<\/a>\n\t\t\t\t<\/span>\n\t\t\t\t\t<\/div>\n\t\t\t\t<\/div>\n\t\t\t\t<\/div>\n\t\t\t\t\t<\/div>\n\t\t<\/div>\n\t\t\t\t\t\t\t<\/div>\n\t\t<\/section>\n\t\t\t\t\t\t\t<\/div>\n\t\t","protected":false},"excerpt":{"rendered":"<p>Chris Offutt: &#8220;Si no escribo empiezo a cuestionar cu\u00e1l es mi prop\u00f3sito, cu\u00e1l es el sentido de la existencia&#8221; El\u00edas Fern\u00e1ndez Casella Cultura Con las mismas manos escribi\u00f3 textos como Kentucky Straight, The Killing Hills, Shifty\u00b4s Boys\u00a0 y construy\u00f3 sus&#8230;<\/p>\n","protected":false},"author":1,"featured_media":0,"parent":0,"menu_order":0,"comment_status":"closed","ping_status":"closed","template":"elementor_header_footer","meta":{"footnotes":""},"class_list":["post-16","page","type-page","status-publish","hentry"],"_links":{"self":[{"href":"https:\/\/trumanmag.com\/index.php\/wp-json\/wp\/v2\/pages\/16","targetHints":{"allow":["GET"]}}],"collection":[{"href":"https:\/\/trumanmag.com\/index.php\/wp-json\/wp\/v2\/pages"}],"about":[{"href":"https:\/\/trumanmag.com\/index.php\/wp-json\/wp\/v2\/types\/page"}],"author":[{"embeddable":true,"href":"https:\/\/trumanmag.com\/index.php\/wp-json\/wp\/v2\/users\/1"}],"replies":[{"embeddable":true,"href":"https:\/\/trumanmag.com\/index.php\/wp-json\/wp\/v2\/comments?post=16"}],"version-history":[{"count":117,"href":"https:\/\/trumanmag.com\/index.php\/wp-json\/wp\/v2\/pages\/16\/revisions"}],"predecessor-version":[{"id":1330,"href":"https:\/\/trumanmag.com\/index.php\/wp-json\/wp\/v2\/pages\/16\/revisions\/1330"}],"wp:attachment":[{"href":"https:\/\/trumanmag.com\/index.php\/wp-json\/wp\/v2\/media?parent=16"}],"curies":[{"name":"wp","href":"https:\/\/api.w.org\/{rel}","templated":true}]}}